{"id":9953,"date":"2021-03-11T09:03:21","date_gmt":"2021-03-11T09:03:21","guid":{"rendered":"https:\/\/tiendamultifoods.com\/we\/"},"modified":"2024-11-20T14:41:41","modified_gmt":"2024-11-20T14:41:41","slug":"we","status":"publish","type":"page","link":"https:\/\/tiendamultifoods.com\/en\/we\/","title":{"rendered":"We"},"content":{"rendered":"\t\t<div data-elementor-type=\"wp-page\" data-elementor-id=\"9953\" class=\"elementor elementor-9953 elementor-20\">\n\t\t\t\t        <section class=\"elementor-section elementor-top-section elementor-element elementor-element-3844968 elementor-section-boxed elementor-section-height-default elementor-section-height-default\" data-id=\"3844968\" data-element_type=\"section\">\n            \n                        <div class=\"elementor-container elementor-column-gap-extended \">\n                    <div class=\"elementor-column elementor-col-100 elementor-top-column elementor-element elementor-element-40661bf\" data-id=\"40661bf\" data-element_type=\"column\">\n        <div class=\"elementor-widget-wrap elementor-element-populated\">\n                    \n        \t\t<div class=\"elementor-element elementor-element-16eda0e elementor-widget elementor-widget-ct_heading\" data-id=\"16eda0e\" data-element_type=\"widget\" data-widget_type=\"ct_heading.default\">\n\t\t\t\t<div class=\"elementor-widget-container\">\n\t\t\t\t\t<div class=\"ct-heading h-align-center item-st-default\">\r\n    <div class=\"ct-heading--inner\">\r\n    \t    \t\t<div class=\"item--sub-title style-default\">\r\n                <span>\r\n                    <span>~<\/span>                    Por que nosotros?                    <span>~<\/span>                <\/span>\r\n            <\/div>\r\n    \t        <h3 class=\"item--title case-animate-time st-default \" data-wow-delay=\"ms\">\r\n            <span class=\"slide-in-container\"><span class=\"d-inline-block wow case-fade-in-up\">\u201cElige<\/span><\/span> <span class=\"slide-in-container\"><span class=\"d-inline-block wow case-fade-in-up\">Bienestar:<\/span><\/span> <span class=\"slide-in-container\"><span class=\"d-inline-block wow case-fade-in-up\">Descubre<\/span><\/span> <span class=\"slide-in-container\"><span class=\"d-inline-block wow case-fade-in-up\">por<\/span><\/span> <span class=\"slide-in-container\"><span class=\"d-inline-block wow case-fade-in-up\">Qu\u00e9<\/span><\/span> <span class=\"slide-in-container\"><span class=\"d-inline-block wow case-fade-in-up\">Somos<\/span><\/span> <span class=\"slide-in-container\"><span class=\"d-inline-block wow case-fade-in-up\">Tu<\/span><\/span> <span class=\"slide-in-container\"><span class=\"d-inline-block wow case-fade-in-up\">Mejor<\/span><\/span> <span class=\"slide-in-container\"><span class=\"d-inline-block wow case-fade-in-up\">Opci\u00f3n\u201d<\/span><\/span>        <\/h3>\r\n    <\/div>\r\n<\/div>\r\n\r\n\t\t\t\t<\/div>\n\t\t\t\t<\/div>\n\t\t\t\t<div class=\"elementor-element elementor-element-6607777 elementor-widget elementor-widget-ct_text_editor\" data-id=\"6607777\" data-element_type=\"widget\" data-widget_type=\"ct_text_editor.default\">\n\t\t\t\t<div class=\"elementor-widget-container\">\n\t\t\t\t\t<div id=\"ct_text_editor-6607777\" class=\"ct-text-editor \" data-wow-delay=\"ms\">\n\t<div class=\"ct-item--inner\">\n\t\t<div class=\"ct-inline-css\"  data-css=\"\n\t        \t\t\t\">\n\n\t    <\/div>\n\t\t<div class=\"ct-text-editor elementor-clearfix\">\n\t\t\t<p>En Tienda Multifoods, no solo ofrecemos productos; ofrecemos una filosof\u00eda de vida saludable. Nos distinguimos por nuestra dedicaci\u00f3n a la calidad, el compromiso con el bienestar de nuestros clientes, y una pasi\u00f3n por lo natural.<\/p><p>Cada uno de nuestros productos es cuidadosamente elaborado con ingredientes de la m\u00e1s alta calidad, asegurando que lo que consumes no solo sea delicioso, sino tambi\u00e9n beneficioso para tu salud. Creemos en la importancia de una alimentaci\u00f3n balanceada y accesible, y por ello, trabajamos d\u00eda a d\u00eda para ofrecerte opciones saludables que se ajusten a tus necesidades y estilo de vida.<\/p><p>\u00a0<\/p>\t\t\n\t\t<\/div>\n\t<\/div>\n<\/div>\t\t\t\t<\/div>\n\t\t\t\t<\/div>\n\t\t        <section class=\"elementor-section elementor-inner-section elementor-element elementor-element-6a6a11a elementor-section-boxed elementor-section-height-default elementor-section-height-default\" data-id=\"6a6a11a\" data-element_type=\"section\" data-settings=\"{&quot;background_background&quot;:&quot;classic&quot;}\">\n            \n                        <div class=\"elementor-container elementor-column-gap-extended \">\n                    <div class=\"elementor-column elementor-col-50 elementor-inner-column elementor-element elementor-element-57e460e\" data-id=\"57e460e\" data-element_type=\"column\">\n        <div class=\"elementor-widget-wrap elementor-element-populated\">\n                    \n        \t\t<div class=\"elementor-element elementor-element-bcb7c7f elementor-widget elementor-widget-ct_fancy_box\" data-id=\"bcb7c7f\" data-element_type=\"widget\" data-widget_type=\"ct_fancy_box.default\">\n\t\t\t\t<div class=\"elementor-widget-container\">\n\t\t\t\t\t<div class=\"ct-fancy-box ct-fancy-box-layout2 \" data-wow-delay=\"ms\">\r\n    <div class=\"item--inner bg-image\">\r\n                    <div class=\"item--icon icon-psb\">\r\n                <i aria-hidden=\"true\" class=\"flaticon flaticon-leaf\"><\/i>            <\/div>\r\n                        <h5 class=\"item--title\">\r\n            Calidad        <\/h5>\r\n        <div class=\"item--description\">Compromiso con la excelencia en cada producto.<\/div>\r\n    <\/div>\r\n<\/div>\t\t\t\t<\/div>\n\t\t\t\t<\/div>\n\t\t\t\t<div class=\"elementor-element elementor-element-f6fcabc elementor-widget elementor-widget-ct_fancy_box\" data-id=\"f6fcabc\" data-element_type=\"widget\" data-widget_type=\"ct_fancy_box.default\">\n\t\t\t\t<div class=\"elementor-widget-container\">\n\t\t\t\t\t<div class=\"ct-fancy-box ct-fancy-box-layout2 \" data-wow-delay=\"ms\">\r\n    <div class=\"item--inner bg-image\">\r\n                    <div class=\"item--icon icon-psb\">\r\n                <i aria-hidden=\"true\" class=\"flaticon flaticon-product\"><\/i>            <\/div>\r\n                        <h5 class=\"item--title\">\r\n            Innovaci\u00f3n:        <\/h5>\r\n        <div class=\"item--description\">Mejora continua en la creaci\u00f3n de productos que promuevan la salud.<\/div>\r\n    <\/div>\r\n<\/div>\t\t\t\t<\/div>\n\t\t\t\t<\/div>\n\t\t            <\/div>\n        <\/div>\n                <div class=\"elementor-column elementor-col-50 elementor-inner-column elementor-element elementor-element-97d4881\" data-id=\"97d4881\" data-element_type=\"column\">\n        <div class=\"elementor-widget-wrap elementor-element-populated\">\n                    \n        \t\t<div class=\"elementor-element elementor-element-44f3366 elementor-widget elementor-widget-ct_fancy_box\" data-id=\"44f3366\" data-element_type=\"widget\" data-widget_type=\"ct_fancy_box.default\">\n\t\t\t\t<div class=\"elementor-widget-container\">\n\t\t\t\t\t<div class=\"ct-fancy-box ct-fancy-box-layout2 \" data-wow-delay=\"ms\">\r\n    <div class=\"item--inner bg-image\">\r\n                    <div class=\"item--icon icon-psb\">\r\n                <i aria-hidden=\"true\" class=\"flaticon flaticon-money-back-guarantee\"><\/i>            <\/div>\r\n                        <h5 class=\"item--title\">\r\n            Accesibilidad:         <\/h5>\r\n        <div class=\"item--description\">Productos saludables a precios asequibles, accesibles para todos.<\/div>\r\n    <\/div>\r\n<\/div>\t\t\t\t<\/div>\n\t\t\t\t<\/div>\n\t\t\t\t<div class=\"elementor-element elementor-element-136960b elementor-widget elementor-widget-ct_fancy_box\" data-id=\"136960b\" data-element_type=\"widget\" data-widget_type=\"ct_fancy_box.default\">\n\t\t\t\t<div class=\"elementor-widget-container\">\n\t\t\t\t\t<div class=\"ct-fancy-box ct-fancy-box-layout2 \" data-wow-delay=\"ms\">\r\n    <div class=\"item--inner bg-image\">\r\n                    <div class=\"item--icon icon-psb\">\r\n                <i aria-hidden=\"true\" class=\"flaticon flaticon-credit-card\"><\/i>            <\/div>\r\n                        <h5 class=\"item--title\">\r\n            Responsabilidad:        <\/h5>\r\n        <div class=\"item--description\">Fuerte enfoque en la responsabilidad social y en devolver a la comunidad.<\/div>\r\n    <\/div>\r\n<\/div>\t\t\t\t<\/div>\n\t\t\t\t<\/div>\n\t\t            <\/div>\n        <\/div>\n                    <\/div>\n        <\/section>\n                    <\/div>\n        <\/div>\n                    <\/div>\n        <\/section>\n        <div class=\"elementor-element elementor-element-daf5fbc e-flex e-con-boxed e-con e-parent\" data-id=\"daf5fbc\" data-element_type=\"container\">\n\t\t\t\t\t<div class=\"e-con-inner\">\n\t\t<div class=\"elementor-element elementor-element-c205a27 e-con-full e-flex e-con e-child\" data-id=\"c205a27\" data-element_type=\"container\">\n\t\t\t\t<div class=\"elementor-element elementor-element-67a3cf6 elementor-widget elementor-widget-ct_heading\" data-id=\"67a3cf6\" data-element_type=\"widget\" data-widget_type=\"ct_heading.default\">\n\t\t\t\t<div class=\"elementor-widget-container\">\n\t\t\t\t\t<div class=\"ct-heading h-align- item-st-default\">\r\n    <div class=\"ct-heading--inner\">\r\n    \t    \t\t<div class=\"item--sub-title style-default\">\r\n                <span>\r\n                    <span>~<\/span>                    Tienda Multifoods                    <span>~<\/span>                <\/span>\r\n            <\/div>\r\n    \t        <h3 class=\"item--title case-animate-time st-default wow \" data-wow-delay=\"ms\">\r\n            <span>Mision<\/span>        <\/h3>\r\n    <\/div>\r\n<\/div>\r\n\r\n\t\t\t\t<\/div>\n\t\t\t\t<\/div>\n\t\t\t\t<div class=\"elementor-element elementor-element-7b06157 elementor-widget elementor-widget-text-editor\" data-id=\"7b06157\" data-element_type=\"widget\" data-widget_type=\"text-editor.default\">\n\t\t\t\t<div class=\"elementor-widget-container\">\n\t\t\t\t\t\t\t\t\t<div class=\"wpb_text_column wpb_content_element \">\n<div class=\"wpb_wrapper\">\n<p>We are a company that produces, distributes and sells natural, healthy and premium quality food products. We strive to develop products that help promote and maintain the physical well-being and health of our consumers at affordable prices.<\/p>\n<p><strong><em>Company Mission<\/em><\/strong><\/p>\n<p>We are a company that produces, distributes and sells natural food products, at affordable prices and top quality, which help to promote and maintain the health of our consumers, achieving the profitability desired by our partners.<\/p>\n<\/div>\n<\/div>\n\t\t\t\t\t\t\t\t<\/div>\n\t\t\t\t<\/div>\n\t\t\t\t<\/div>\n\t\t<div class=\"elementor-element elementor-element-c7fb191 e-con-full e-flex e-con e-child\" data-id=\"c7fb191\" data-element_type=\"container\">\n\t\t\t\t<div class=\"elementor-element elementor-element-cf47be2 elementor-widget elementor-widget-ct_image\" data-id=\"cf47be2\" data-element_type=\"widget\" data-widget_type=\"ct_image.default\">\n\t\t\t\t<div class=\"elementor-widget-container\">\n\t\t\t\t\t<div class=\"ct-image-single    effect-none \" data-width=\"\" data-height=\"\">\r\n                        <img fetchpriority=\"high\" decoding=\"async\" width=\"1024\" height=\"1024\" src=\"https:\/\/tiendamultifoods.com\/wp-content\/uploads\/2024\/09\/DALL\u00b7E-2024-08-30-10.08.00-A-vibrant-and-inviting-image-for-the-Mission-section-of-a-health-food-company-called-Tienda-Multifoods.-The-image-should-feature-an-assortment-of-hi.webp\" class=\"no-lazyload attachment-full\" alt=\"\" \/>            <\/div>\t\t\t\t<\/div>\n\t\t\t\t<\/div>\n\t\t\t\t<\/div>\n\t\t\t\t\t<\/div>\n\t\t\t\t<\/div>\n\t\t<div class=\"elementor-element elementor-element-d098cbb e-flex e-con-boxed e-con e-parent\" data-id=\"d098cbb\" data-element_type=\"container\">\n\t\t\t\t\t<div class=\"e-con-inner\">\n\t\t<div class=\"elementor-element elementor-element-e78aafc e-con-full e-flex e-con e-child\" data-id=\"e78aafc\" data-element_type=\"container\">\n\t\t\t\t<div class=\"elementor-element elementor-element-c67c5d4 elementor-widget elementor-widget-ct_heading\" data-id=\"c67c5d4\" data-element_type=\"widget\" data-widget_type=\"ct_heading.default\">\n\t\t\t\t<div class=\"elementor-widget-container\">\n\t\t\t\t\t<div class=\"ct-heading h-align- item-st-default\">\r\n    <div class=\"ct-heading--inner\">\r\n    \t    \t\t<div class=\"item--sub-title style-default\">\r\n                <span>\r\n                    <span>~<\/span>                    Tienda Multifoods                    <span>~<\/span>                <\/span>\r\n            <\/div>\r\n    \t        <h3 class=\"item--title case-animate-time st-default wow \" data-wow-delay=\"ms\">\r\n            <span>Vision<\/span>        <\/h3>\r\n    <\/div>\r\n<\/div>\r\n\r\n\t\t\t\t<\/div>\n\t\t\t\t<\/div>\n\t\t\t\t<div class=\"elementor-element elementor-element-c5d1ebc elementor-widget elementor-widget-text-editor\" data-id=\"c5d1ebc\" data-element_type=\"widget\" data-widget_type=\"text-editor.default\">\n\t\t\t\t<div class=\"elementor-widget-container\">\n\t\t\t\t\t\t\t\t\t<div class=\"wpb_text_column wpb_content_element \">\n<div class=\"wpb_wrapper\">\n<div class=\"wpb_column vc_column_container vc_col-sm-6\">\n<div class=\"vc_column-inner\">\n<div class=\"wpb_wrapper\">\n<div class=\"wpb_text_column wpb_content_element \">\n<div class=\"wpb_wrapper\">\n<p>To establish ourselves in the coming years in the mind of the Dominican consumer as the most solid and recognized health food company in the country.<\/p>\n<p><strong><em>Company Vision In The Dominican Republic<\/em><\/strong><\/p>\n<p>To become in the next 3 years the most solid and recognized brand of healthy products in the Dominican Republic.<\/p>\n<p><strong><em>Company Vision Outside the Dominican Republic<\/em><\/strong><\/p>\n<p>To place our granolas in the U.S. market, being recognized as a Dominican brand of excellence in the health food market.<\/p>\n<\/div>\n<\/div>\n<\/div>\n<\/div>\n<\/div>\n<div class=\"wpb_column vc_column_container vc_col-sm-6\">\n<div class=\"vc_column-inner\">\n<div class=\"wpb_wrapper\">\n<div id=\"ultimate-heading-314669c11c87b0ad\" class=\"uvc-heading ult-adjust-bottom-margin ultimate-heading-314669c11c87b0ad uvc-1358 uvc-heading-default-font-sizes\" data-hspacer=\"line_only\" data-halign=\"center\">\n<div class=\"uvc-main-heading ult-responsive\" data-ultimate-target=\".uvc-heading.ultimate-heading-314669c11c87b0ad h4\" data-responsive-json-new=\"{\"font-size\":\"\",\"line-height\":\"\"}\"> <\/div>\n<\/div>\n<\/div>\n<\/div>\n<\/div>\n<\/div>\n<\/div>\n\t\t\t\t\t\t\t\t<\/div>\n\t\t\t\t<\/div>\n\t\t\t\t<\/div>\n\t\t<div class=\"elementor-element elementor-element-84cfbd3 e-con-full e-flex e-con e-child\" data-id=\"84cfbd3\" data-element_type=\"container\">\n\t\t\t\t<div class=\"elementor-element elementor-element-820dbda elementor-widget elementor-widget-ct_image\" data-id=\"820dbda\" data-element_type=\"widget\" data-widget_type=\"ct_image.default\">\n\t\t\t\t<div class=\"elementor-widget-container\">\n\t\t\t\t\t<div class=\"ct-image-single    effect-none \" data-width=\"\" data-height=\"\">\r\n                        <img decoding=\"async\" width=\"1024\" height=\"1024\" src=\"https:\/\/tiendamultifoods.com\/wp-content\/uploads\/2024\/09\/DALL\u00b7E-2024-09-02-08.39.17-A-compelling-and-inspiring-image-for-the-Vision-section-of-a-health-food-company-called-Tienda-Multifoods.-The-image-should-symbolize-growth-succes.webp\" class=\"no-lazyload attachment-full\" alt=\"\" \/>            <\/div>\t\t\t\t<\/div>\n\t\t\t\t<\/div>\n\t\t\t\t<\/div>\n\t\t\t\t\t<\/div>\n\t\t\t\t<\/div>\n\t\t<div class=\"elementor-element elementor-element-9f5d1dc e-flex e-con-boxed e-con e-parent\" data-id=\"9f5d1dc\" data-element_type=\"container\">\n\t\t\t\t\t<div class=\"e-con-inner\">\n\t\t<div class=\"elementor-element elementor-element-ab22703 e-con-full e-flex e-con e-child\" data-id=\"ab22703\" data-element_type=\"container\">\n\t\t\t\t<div class=\"elementor-element elementor-element-3c45bad elementor-widget elementor-widget-ct_heading\" data-id=\"3c45bad\" data-element_type=\"widget\" data-widget_type=\"ct_heading.default\">\n\t\t\t\t<div class=\"elementor-widget-container\">\n\t\t\t\t\t<div class=\"ct-heading h-align-center item-st-default\">\r\n    <div class=\"ct-heading--inner\">\r\n    \t    \t\t<div class=\"item--sub-title style-default\">\r\n                <span>\r\n                    <span>~<\/span>                    Tienda Multifoods                    <span>~<\/span>                <\/span>\r\n            <\/div>\r\n    \t        <h3 class=\"item--title case-animate-time st-default wow \" data-wow-delay=\"ms\">\r\n            <span>Valores<\/span>        <\/h3>\r\n    <\/div>\r\n<\/div>\r\n\r\n\t\t\t\t<\/div>\n\t\t\t\t<\/div>\n\t\t\t\t<div class=\"elementor-element elementor-element-7308f94 elementor-widget elementor-widget-ct_text_editor\" data-id=\"7308f94\" data-element_type=\"widget\" data-widget_type=\"ct_text_editor.default\">\n\t\t\t\t<div class=\"elementor-widget-container\">\n\t\t\t\t\t<div id=\"ct_text_editor-7308f94\" class=\"ct-text-editor \" data-wow-delay=\"ms\">\n\t<div class=\"ct-item--inner\">\n\t\t<div class=\"ct-inline-css\"  data-css=\"\n\t        \t\t\t\">\n\n\t    <\/div>\n\t\t<div class=\"ct-text-editor elementor-clearfix\">\n\t\t\t<p>En Multifoods GM dominicana encontrara un equipo apto para realizar cada una de sus peticiones, pero sobre todo responsable y deseoso de brindarle el mejor servicio antes, durante y despu\u00e9s de haber adquirido alguno de nuestros productos.<\/p><ul><li><strong><em>Valores Institucionales<br \/><\/em><\/strong>Estamos convencidos de la importancia de la responsabilidad social de una empresa, de la importancia de una buena relaci\u00f3n con nuestros clientes y suplidores, as\u00ed como de la necesidad de innovaci\u00f3n. Por eso entre nuestros valores est\u00e1n:<\/li><li><strong>Compromiso social:\u00a0<\/strong>devolver a la sociedad parte de lo que nos ha permitido alcanzar como empresa, mediante la producci\u00f3n responsable, ayudas a los necesitados, promoci\u00f3n de la salud y la buena alimentaci\u00f3n.<\/li><li><strong>Orientaci\u00f3n al cliente y los consumidores:\u00a0<\/strong>nuestros clientes son nuestros principales aliados, nuestros consumidores son la raz\u00f3n por la que existimos. Llevarles siempre lo mejor nos desaf\u00eda a nunca quedarnos rezagados, a tener una mentalidad de mejora continua en cuanto a calidad innovaci\u00f3n y costos, manteniendo una cultura a favor del cambio.<\/li><li><strong>Somos Una Empresa Formada Por Gente:\u00a0<\/strong>nuestros empleados son quienes hacen que todo sea posible. Por eso, entendemos la importancia de contar con un personal bien remunerado, con un ambiente laboral sano. Para eso promovemos, mediante un liderazgo s\u00f3lido, el trabajo en equipo, la \u00e9tica y la comunicaci\u00f3n abierta en todos los niveles.<\/li><\/ul>\t\t\n\t\t<\/div>\n\t<\/div>\n<\/div>\t\t\t\t<\/div>\n\t\t\t\t<\/div>\n\t\t\t\t<\/div>\n\t\t<div class=\"elementor-element elementor-element-c22aac3 e-con-full e-flex e-con e-child\" data-id=\"c22aac3\" data-element_type=\"container\">\n\t\t\t\t<div class=\"elementor-element elementor-element-f192ce2 elementor-widget elementor-widget-ct_image\" data-id=\"f192ce2\" data-element_type=\"widget\" data-widget_type=\"ct_image.default\">\n\t\t\t\t<div class=\"elementor-widget-container\">\n\t\t\t\t\t<div class=\"ct-image-single    effect-none \" data-width=\"\" data-height=\"\">\r\n                        <img decoding=\"async\" width=\"1024\" height=\"1024\" src=\"https:\/\/tiendamultifoods.com\/wp-content\/uploads\/2024\/09\/DALL\u00b7E-2024-09-02-08.44.35-An-image-for-the-Valores-section-of-a-health-food-company-called-Tienda-Multifoods.-The-image-should-represent-key-values-like-responsibility-innov.webp\" class=\"no-lazyload attachment-full\" alt=\"\" \/>            <\/div>\t\t\t\t<\/div>\n\t\t\t\t<\/div>\n\t\t\t\t<\/div>\n\t\t\t\t\t<\/div>\n\t\t\t\t<\/div>\n\t\t\t\t<\/div>\n\t\t","protected":false},"excerpt":{"rendered":"<p>~ Por que nosotros? ~ \u201cElige Bienestar: Descubre por Qu\u00e9 Somos Tu Mejor Opci\u00f3n\u201d En Tienda Multifoods, no solo ofrecemos productos; ofrecemos una filosof\u00eda de vida saludable. Nos distinguimos por nuestra dedicaci\u00f3n a la calidad, el compromiso con el bienestar de nuestros clientes, y una pasi\u00f3n por lo natural. Cada uno de nuestros productos es [&hellip;]<\/p>\n","protected":false},"author":1,"featured_media":0,"parent":0,"menu_order":0,"comment_status":"closed","ping_status":"closed","template":"","meta":{"_acf_changed":false,"om_disable_all_campaigns":false,"_monsterinsights_skip_tracking":false,"_monsterinsights_sitenote_active":false,"_monsterinsights_sitenote_note":"","_monsterinsights_sitenote_category":0,"footnotes":""},"class_list":["post-9953","page","type-page","status-publish","hentry"],"acf":[],"aioseo_notices":[],"_links":{"self":[{"href":"https:\/\/tiendamultifoods.com\/en\/wp-json\/wp\/v2\/pages\/9953","targetHints":{"allow":["GET"]}}],"collection":[{"href":"https:\/\/tiendamultifoods.com\/en\/wp-json\/wp\/v2\/pages"}],"about":[{"href":"https:\/\/tiendamultifoods.com\/en\/wp-json\/wp\/v2\/types\/page"}],"author":[{"embeddable":true,"href":"https:\/\/tiendamultifoods.com\/en\/wp-json\/wp\/v2\/users\/1"}],"replies":[{"embeddable":true,"href":"https:\/\/tiendamultifoods.com\/en\/wp-json\/wp\/v2\/comments?post=9953"}],"version-history":[{"count":3,"href":"https:\/\/tiendamultifoods.com\/en\/wp-json\/wp\/v2\/pages\/9953\/revisions"}],"predecessor-version":[{"id":9956,"href":"https:\/\/tiendamultifoods.com\/en\/wp-json\/wp\/v2\/pages\/9953\/revisions\/9956"}],"wp:attachment":[{"href":"https:\/\/tiendamultifoods.com\/en\/wp-json\/wp\/v2\/media?parent=9953"}],"curies":[{"name":"wp","href":"https:\/\/api.w.org\/{rel}","templated":true}]}}